{"id":35,"date":"2020-09-09T11:49:05","date_gmt":"2020-09-09T11:49:05","guid":{"rendered":"https:\/\/musicaadhominem.com\/index.php\/home\/"},"modified":"2025-08-23T12:37:09","modified_gmt":"2025-08-23T11:37:09","slug":"home","status":"publish","type":"page","link":"https:\/\/musicaadhominem.com\/fr\/","title":{"rendered":"Accueil"},"content":{"rendered":"<div data-elementor-type=\"wp-page\" data-elementor-id=\"35\" class=\"elementor elementor-35\">\n\t\t\t\t\t\t<section class=\"elementor-section elementor-top-section elementor-element elementor-element-6d28695 elementor-section-content-bottom elementor-section-boxed elementor-section-height-default elementor-section-height-default\" data-id=\"6d28695\" data-element_type=\"section\" data-settings=\"{&quot;background_background&quot;:&quot;classic&quot;}\">\n\t\t\t\t\t\t\t<div class=\"elementor-background-overlay\"><\/div>\n\t\t\t\t\t\t\t<div class=\"elementor-container elementor-column-gap-no\">\n\t\t\t\t\t<div class=\"elementor-column elementor-col-100 elementor-top-column elementor-element elementor-element-dc72b7e\" data-id=\"dc72b7e\" data-element_type=\"column\">\n\t\t\t<div class=\"elementor-widget-wrap\">\n\t\t\t\t\t\t\t<\/div>\n\t\t<\/div>\n\t\t\t\t\t<\/div>\n\t\t<\/section>\n\t\t\t\t<section class=\"elementor-section elementor-top-section elementor-element elementor-element-10515a4 elementor-section-boxed elementor-section-height-default elementor-section-height-default\" data-id=\"10515a4\" data-element_type=\"section\">\n\t\t\t\t\t\t<div class=\"elementor-container elementor-column-gap-default\">\n\t\t\t\t\t<div class=\"elementor-column elementor-col-100 elementor-top-column elementor-element elementor-element-7ac4232\" data-id=\"7ac4232\" data-element_type=\"column\">\n\t\t\t<div class=\"elementor-widget-wrap elementor-element-populated\">\n\t\t\t\t\t\t<div class=\"elementor-element elementor-element-7f12039 elementor-widget elementor-widget-text-editor\" data-id=\"7f12039\" data-element_type=\"widget\" data-widget_type=\"text-editor.default\">\n\t\t\t\t<div class=\"elementor-widget-container\">\n\t\t\t\t\t\t\t<p>Bienvenue sur Musica Ad Hominem ! Nous visons \u00e0 rapprocher la musique classique du grand public&nbsp;<span style=\"font-style: inherit;\">en le pr\u00e9sentant de mani\u00e8re simple et d\u00e9contract\u00e9e pour, esp\u00e9rons-le, combler le foss\u00e9 qui existe habituellement entre les \u00ab interpr\u00e8tes \u00bb et le \u00ab public \u00bb. Nos concerts innovants, nos conf\u00e9rences, nos Master Classes pour musiciens talentueux ainsi que nos activit\u00e9s sont sp\u00e9cialement con\u00e7ues pour cr\u00e9er un lien fort entre les musiciens et les gens. De plus, \u00e0 une \u00e9poque de culture instantan\u00e9e, sans parler de l'IA, nous comprenons que notre effort ne peut certainement pas changer le monde, mais nous croyons fermement qu'il peut mettre une goutte de magie dans l'\u00e2me des gens, car la musique est tout simplement essentielle \u00e0 la vie humaine !<\/span><\/p>\t\t\t\t\t\t<\/div>\n\t\t\t\t<\/div>\n\t\t\t\t\t<\/div>\n\t\t<\/div>\n\t\t\t\t\t<\/div>\n\t\t<\/section>\n\t\t\t\t<section class=\"elementor-section elementor-top-section elementor-element elementor-element-b8e5a51 elementor-section-boxed elementor-section-height-default elementor-section-height-default\" data-id=\"b8e5a51\" data-element_type=\"section\" data-settings=\"{&quot;background_background&quot;:&quot;classic&quot;}\">\n\t\t\t\t\t\t\t<div class=\"elementor-background-overlay\"><\/div>\n\t\t\t\t\t\t\t<div class=\"elementor-container elementor-column-gap-no\">\n\t\t\t\t\t<div class=\"elementor-column elementor-col-100 elementor-top-column elementor-element elementor-element-6d4e0ba\" data-id=\"6d4e0ba\" data-element_type=\"column\">\n\t\t\t<div class=\"elementor-widget-wrap elementor-element-populated\">\n\t\t\t\t\t\t<div class=\"elementor-element elementor-element-e30ed26 elementor-widget elementor-widget-heading\" data-id=\"e30ed26\" data-element_type=\"widget\" data-widget_type=\"heading.default\">\n\t\t\t\t<div class=\"elementor-widget-container\">\n\t\t\t<h4 class=\"elementor-heading-title elementor-size-small\">Notre prochain \u00e9v\u00e9nement<\/h4>\t\t<\/div>\n\t\t\t\t<\/div>\n\t\t\t\t<div class=\"elementor-element elementor-element-a954ef9 elementor-widget elementor-widget-heading\" data-id=\"a954ef9\" data-element_type=\"widget\" data-widget_type=\"heading.default\">\n\t\t\t\t<div class=\"elementor-widget-container\">\n\t\t\t<h2 class=\"elementor-heading-title elementor-size-default\">Music on the string \u00e0 Cannes<\/h2>\t\t<\/div>\n\t\t\t\t<\/div>\n\t\t\t\t<section class=\"elementor-section elementor-inner-section elementor-element elementor-element-ea6a644 elementor-section-content-bottom elementor-section-boxed elementor-section-height-default elementor-section-height-default\" data-id=\"ea6a644\" data-element_type=\"section\">\n\t\t\t\t\t\t<div class=\"elementor-container elementor-column-gap-no\">\n\t\t\t\t\t<div class=\"elementor-column elementor-col-50 elementor-inner-column elementor-element elementor-element-72fa08a\" data-id=\"72fa08a\" data-element_type=\"column\">\n\t\t\t<div class=\"elementor-widget-wrap elementor-element-populated\">\n\t\t\t\t\t\t<div class=\"elementor-element elementor-element-210d433 elementor-widget elementor-widget-heading\" data-id=\"210d433\" data-element_type=\"widget\" data-widget_type=\"heading.default\">\n\t\t\t\t<div class=\"elementor-widget-container\">\n\t\t\t<h4 class=\"elementor-heading-title elementor-size-small\">Master Classes d'\u00c9t\u00e9<br>et<br>Concerts<\/h4>\t\t<\/div>\n\t\t\t\t<\/div>\n\t\t\t\t\t<\/div>\n\t\t<\/div>\n\t\t\t\t<div class=\"elementor-column elementor-col-50 elementor-inner-column elementor-element elementor-element-c83b976\" data-id=\"c83b976\" data-element_type=\"column\">\n\t\t\t<div class=\"elementor-widget-wrap elementor-element-populated\">\n\t\t\t\t\t\t<div class=\"elementor-element elementor-element-2ed67c4 elementor-align-right elementor-mobile-align-left elementor-widget elementor-widget-button\" data-id=\"2ed67c4\" data-element_type=\"widget\" data-widget_type=\"button.default\">\n\t\t\t\t<div class=\"elementor-widget-container\">\n\t\t\t\t\t<div class=\"elementor-button-wrapper\">\n\t\t\t<a class=\"elementor-button elementor-button-link elementor-size-sm\" href=\"https:\/\/musicaadhominem.com\/fr\/master_classes\/\">\n\t\t\t\t\t\t<span class=\"elementor-button-content-wrapper\">\n\t\t\t\t\t\t\t\t\t<span class=\"elementor-button-text\">En savoir plus<\/span>\n\t\t\t\t\t<\/span>\n\t\t\t\t\t<\/a>\n\t\t<\/div>\n\t\t\t\t<\/div>\n\t\t\t\t<\/div>\n\t\t\t\t\t<\/div>\n\t\t<\/div>\n\t\t\t\t\t<\/div>\n\t\t<\/section>\n\t\t\t\t<div class=\"elementor-element elementor-element-cdd5d1f elementor-widget elementor-widget-spacer\" data-id=\"cdd5d1f\" data-element_type=\"widget\" data-widget_type=\"spacer.default\">\n\t\t\t\t<div class=\"elementor-widget-container\">\n\t\t\t\t\t<div class=\"elementor-spacer\">\n\t\t\t<div class=\"elementor-spacer-inner\"><\/div>\n\t\t<\/div>\n\t\t\t\t<\/div>\n\t\t\t\t<\/div>\n\t\t\t\t\t<\/div>\n\t\t<\/div>\n\t\t\t\t\t<\/div>\n\t\t<\/section>\n\t\t\t\t<section class=\"elementor-section elementor-top-section elementor-element elementor-element-47f9871b elementor-section-boxed elementor-section-height-default elementor-section-height-default\" data-id=\"47f9871b\" data-element_type=\"section\" data-settings=\"{&quot;background_background&quot;:&quot;classic&quot;}\">\n\t\t\t\t\t\t\t<div class=\"elementor-background-overlay\"><\/div>\n\t\t\t\t\t\t\t<div class=\"elementor-container elementor-column-gap-no\">\n\t\t\t\t\t<div class=\"elementor-column elementor-col-100 elementor-top-column elementor-element elementor-element-1746100c\" data-id=\"1746100c\" data-element_type=\"column\">\n\t\t\t<div class=\"elementor-widget-wrap elementor-element-populated\">\n\t\t\t\t\t\t<div class=\"elementor-element elementor-element-4611e6c elementor-widget elementor-widget-heading\" data-id=\"4611e6c\" data-element_type=\"widget\" data-widget_type=\"heading.default\">\n\t\t\t\t<div class=\"elementor-widget-container\">\n\t\t\t<h2 class=\"elementor-heading-title elementor-size-default\">Music on the String \u00e0 Cannes<\/h2>\t\t<\/div>\n\t\t\t\t<\/div>\n\t\t\t\t<section class=\"elementor-section elementor-inner-section elementor-element elementor-element-81d7306 elementor-section-content-bottom elementor-section-height-min-height elementor-section-full_width elementor-section-height-default\" data-id=\"81d7306\" data-element_type=\"section\">\n\t\t\t\t\t\t<div class=\"elementor-container elementor-column-gap-no\">\n\t\t\t\t\t<div class=\"elementor-column elementor-col-33 elementor-inner-column elementor-element elementor-element-a944293\" data-id=\"a944293\" data-element_type=\"column\" data-settings=\"{&quot;background_background&quot;:&quot;classic&quot;}\">\n\t\t\t<div class=\"elementor-widget-wrap elementor-element-populated\">\n\t\t\t\t\t\t<div class=\"elementor-element elementor-element-54517ae elementor-absolute elementor-widget elementor-widget-heading\" data-id=\"54517ae\" data-element_type=\"widget\" data-settings=\"{&quot;_position&quot;:&quot;absolute&quot;}\" data-widget_type=\"heading.default\">\n\t\t\t\t<div class=\"elementor-widget-container\">\n\t\t\t<h5 class=\"elementor-heading-title elementor-size-small\">Konstantin Bogino<\/h5>\t\t<\/div>\n\t\t\t\t<\/div>\n\t\t\t\t<div class=\"elementor-element elementor-element-46ab8de elementor-widget elementor-widget-button\" data-id=\"46ab8de\" data-element_type=\"widget\" data-widget_type=\"button.default\">\n\t\t\t\t<div class=\"elementor-widget-container\">\n\t\t\t\t\t<div class=\"elementor-button-wrapper\">\n\t\t\t<a class=\"elementor-button elementor-button-link elementor-size-sm\" href=\"https:\/\/musicaadhominem.com\/fr\/konstantin_bogino\/\">\n\t\t\t\t\t\t<span class=\"elementor-button-content-wrapper\">\n\t\t\t\t\t\t<span class=\"elementor-button-icon\">\n\t\t\t\t<i aria-hidden=\"true\" class=\"fas fa-long-arrow-alt-right\"><\/i>\t\t\t<\/span>\n\t\t\t\t\t\t\t\t\t<span class=\"elementor-button-text\">En savoir Plus<\/span>\n\t\t\t\t\t<\/span>\n\t\t\t\t\t<\/a>\n\t\t<\/div>\n\t\t\t\t<\/div>\n\t\t\t\t<\/div>\n\t\t\t\t\t<\/div>\n\t\t<\/div>\n\t\t\t\t<div class=\"elementor-column elementor-col-33 elementor-inner-column elementor-element elementor-element-4621880\" data-id=\"4621880\" data-element_type=\"column\" data-settings=\"{&quot;background_background&quot;:&quot;classic&quot;}\">\n\t\t\t<div class=\"elementor-widget-wrap elementor-element-populated\">\n\t\t\t\t\t\t<div class=\"elementor-element elementor-element-88ebe50 elementor-absolute elementor-widget elementor-widget-heading\" data-id=\"88ebe50\" data-element_type=\"widget\" data-settings=\"{&quot;_position&quot;:&quot;absolute&quot;}\" data-widget_type=\"heading.default\">\n\t\t\t\t<div class=\"elementor-widget-container\">\n\t\t\t<h5 class=\"elementor-heading-title elementor-size-small\">Violeta Smailovic-Huart<\/h5>\t\t<\/div>\n\t\t\t\t<\/div>\n\t\t\t\t<div class=\"elementor-element elementor-element-5047b10 elementor-widget elementor-widget-button\" data-id=\"5047b10\" data-element_type=\"widget\" data-widget_type=\"button.default\">\n\t\t\t\t<div class=\"elementor-widget-container\">\n\t\t\t\t\t<div class=\"elementor-button-wrapper\">\n\t\t\t<a class=\"elementor-button elementor-button-link elementor-size-sm\" href=\"https:\/\/musicaadhominem.com\/fr\/violeta_smailovic_huart\/\">\n\t\t\t\t\t\t<span class=\"elementor-button-content-wrapper\">\n\t\t\t\t\t\t<span class=\"elementor-button-icon\">\n\t\t\t\t<i aria-hidden=\"true\" class=\"fas fa-long-arrow-alt-right\"><\/i>\t\t\t<\/span>\n\t\t\t\t\t\t\t\t\t<span class=\"elementor-button-text\">En savoir Plus<\/span>\n\t\t\t\t\t<\/span>\n\t\t\t\t\t<\/a>\n\t\t<\/div>\n\t\t\t\t<\/div>\n\t\t\t\t<\/div>\n\t\t\t\t\t<\/div>\n\t\t<\/div>\n\t\t\t\t<div class=\"elementor-column elementor-col-33 elementor-inner-column elementor-element elementor-element-d81d33a\" data-id=\"d81d33a\" data-element_type=\"column\" data-settings=\"{&quot;background_background&quot;:&quot;classic&quot;}\">\n\t\t\t<div class=\"elementor-widget-wrap elementor-element-populated\">\n\t\t\t\t\t\t<div class=\"elementor-element elementor-element-fac68de elementor-absolute elementor-widget elementor-widget-heading\" data-id=\"fac68de\" data-element_type=\"widget\" data-settings=\"{&quot;_position&quot;:&quot;absolute&quot;}\" data-widget_type=\"heading.default\">\n\t\t\t\t<div class=\"elementor-widget-container\">\n\t\t\t<h5 class=\"elementor-heading-title elementor-size-small\">Manfred Stilz<\/h5>\t\t<\/div>\n\t\t\t\t<\/div>\n\t\t\t\t<div class=\"elementor-element elementor-element-4beda5d elementor-widget elementor-widget-button\" data-id=\"4beda5d\" data-element_type=\"widget\" data-widget_type=\"button.default\">\n\t\t\t\t<div class=\"elementor-widget-container\">\n\t\t\t\t\t<div class=\"elementor-button-wrapper\">\n\t\t\t<a class=\"elementor-button elementor-button-link elementor-size-sm\" href=\"https:\/\/musicaadhominem.com\/fr\/manfred_stilz\/\">\n\t\t\t\t\t\t<span class=\"elementor-button-content-wrapper\">\n\t\t\t\t\t\t<span class=\"elementor-button-icon\">\n\t\t\t\t<i aria-hidden=\"true\" class=\"fas fa-long-arrow-alt-right\"><\/i>\t\t\t<\/span>\n\t\t\t\t\t\t\t\t\t<span class=\"elementor-button-text\">En savoir Plus<\/span>\n\t\t\t\t\t<\/span>\n\t\t\t\t\t<\/a>\n\t\t<\/div>\n\t\t\t\t<\/div>\n\t\t\t\t<\/div>\n\t\t\t\t\t<\/div>\n\t\t<\/div>\n\t\t\t\t\t<\/div>\n\t\t<\/section>\n\t\t\t\t<div class=\"elementor-element elementor-element-2b5dffaf elementor-widget elementor-widget-text-editor\" data-id=\"2b5dffaf\" data-element_type=\"widget\" data-widget_type=\"text-editor.default\">\n\t\t\t\t<div class=\"elementor-widget-container\">\n\t\t\t\t\t\t\t<p>Master Classes et Concerts<\/p>\t\t\t\t\t\t<\/div>\n\t\t\t\t<\/div>\n\t\t\t\t<div class=\"elementor-element elementor-element-21bf065b elementor-widget-mobile__width-inherit elementor-align-center elementor-widget elementor-widget-button\" data-id=\"21bf065b\" data-element_type=\"widget\" data-widget_type=\"button.default\">\n\t\t\t\t<div class=\"elementor-widget-container\">\n\t\t\t\t\t<div class=\"elementor-button-wrapper\">\n\t\t\t<a class=\"elementor-button elementor-button-link elementor-size-sm\" href=\"https:\/\/musicaadhominem.com\/fr\/registration\/\">\n\t\t\t\t\t\t<span class=\"elementor-button-content-wrapper\">\n\t\t\t\t\t\t\t\t\t<span class=\"elementor-button-text\">Inscriptions<\/span>\n\t\t\t\t\t<\/span>\n\t\t\t\t\t<\/a>\n\t\t<\/div>\n\t\t\t\t<\/div>\n\t\t\t\t<\/div>\n\t\t\t\t\t<\/div>\n\t\t<\/div>\n\t\t\t\t\t<\/div>\n\t\t<\/section>\n\t\t\t\t<\/div>","protected":false},"excerpt":{"rendered":"<p>Welcome to Musica Ad Hominem! We aim to bring classical music closer to the general public&nbsp;by presenting it in a simple, easygoing way to hopefully close the gap that usually exists between \u00ab&nbsp;performers&nbsp;\u00bb and \u00ab&nbsp;public&nbsp;\u00bb.&nbsp; Our innovative concerts, lectures, Master Classes for talented musicians as well as our activities are specially designed in order to &hellip;<\/p>\n<p class=\"read-more\"> <a class=\"\" href=\"https:\/\/musicaadhominem.com\/fr\/\"> <span class=\"screen-reader-text\">Accueil<\/span> Lire la suite\u00a0\u00bb<\/a><\/p>","protected":false},"author":1,"featured_media":1614,"parent":0,"menu_order":0,"comment_status":"closed","ping_status":"closed","template":"","meta":{"_acf_changed":false,"footnotes":""},"class_list":["post-35","page","type-page","status-publish","has-post-thumbnail","hentry"],"acf":[],"yoast_head":"<!-- This site is optimized with the Yoast SEO plugin v23.7 - https:\/\/yoast.com\/wordpress\/plugins\/seo\/ -->\n<title>Home - Musica Ad Hominem<\/title>\n<meta name=\"robots\" content=\"index, follow, max-snippet:-1, max-image-preview:large, max-video-preview:-1\" \/>\n<link rel=\"canonical\" href=\"https:\/\/musicaadhominem.com\/fr\/\" \/>\n<meta property=\"og:locale\" content=\"fr_FR\" \/>\n<meta property=\"og:type\" content=\"article\" \/>\n<meta property=\"og:title\" content=\"Home - Musica Ad Hominem\" \/>\n<meta property=\"og:description\" content=\"Welcome to Musica Ad Hominem! We aim to bring classical music closer to the general public&nbsp;by presenting it in a simple, easygoing way to hopefully close the gap that usually exists between \u00ab&nbsp;performers&nbsp;\u00bb and \u00ab&nbsp;public&nbsp;\u00bb.&nbsp; Our innovative concerts, lectures, Master Classes for talented musicians as well as our activities are specially designed in order to &hellip; Home Lire la suite\u00a0\u00bb\" \/>\n<meta property=\"og:url\" content=\"https:\/\/musicaadhominem.com\/fr\/\" \/>\n<meta property=\"og:site_name\" content=\"Musica Ad Hominem\" \/>\n<meta property=\"article:modified_time\" content=\"2025-08-23T11:37:09+00:00\" \/>\n<meta property=\"og:image\" content=\"https:\/\/musicaadhominem.com\/wp-content\/uploads\/2025\/05\/IMG_1592-3-scaled.jpeg\" \/>\n\t<meta property=\"og:image:width\" content=\"2560\" \/>\n\t<meta property=\"og:image:height\" content=\"1920\" \/>\n\t<meta property=\"og:image:type\" content=\"image\/jpeg\" \/>\n<meta name=\"twitter:card\" content=\"summary_large_image\" \/>\n<meta name=\"twitter:label1\" content=\"Dur\u00e9e de lecture estim\u00e9e\" \/>\n\t<meta name=\"twitter:data1\" content=\"1 minute\" \/>\n<script type=\"application\/ld+json\" class=\"yoast-schema-graph\">{\"@context\":\"https:\/\/schema.org\",\"@graph\":[{\"@type\":\"WebPage\",\"@id\":\"https:\/\/musicaadhominem.com\/\",\"url\":\"https:\/\/musicaadhominem.com\/\",\"name\":\"Home - Musica Ad Hominem\",\"isPartOf\":{\"@id\":\"https:\/\/musicaadhominem.com\/#website\"},\"primaryImageOfPage\":{\"@id\":\"https:\/\/musicaadhominem.com\/#primaryimage\"},\"image\":{\"@id\":\"https:\/\/musicaadhominem.com\/#primaryimage\"},\"thumbnailUrl\":\"https:\/\/musicaadhominem.com\/wp-content\/uploads\/2025\/05\/IMG_1592-3-scaled.jpeg\",\"datePublished\":\"2020-09-09T11:49:05+00:00\",\"dateModified\":\"2025-08-23T11:37:09+00:00\",\"breadcrumb\":{\"@id\":\"https:\/\/musicaadhominem.com\/#breadcrumb\"},\"inLanguage\":\"fr-FR\",\"potentialAction\":[{\"@type\":\"ReadAction\",\"target\":[\"https:\/\/musicaadhominem.com\/\"]}]},{\"@type\":\"ImageObject\",\"inLanguage\":\"fr-FR\",\"@id\":\"https:\/\/musicaadhominem.com\/#primaryimage\",\"url\":\"https:\/\/musicaadhominem.com\/wp-content\/uploads\/2025\/05\/IMG_1592-3-scaled.jpeg\",\"contentUrl\":\"https:\/\/musicaadhominem.com\/wp-content\/uploads\/2025\/05\/IMG_1592-3-scaled.jpeg\",\"width\":2560,\"height\":1920},{\"@type\":\"BreadcrumbList\",\"@id\":\"https:\/\/musicaadhominem.com\/#breadcrumb\",\"itemListElement\":[{\"@type\":\"ListItem\",\"position\":1,\"name\":\"Home\",\"item\":\"https:\/\/musicaadhominem.com\/\"},{\"@type\":\"ListItem\",\"position\":2,\"name\":\"Home\"}]},{\"@type\":\"WebSite\",\"@id\":\"https:\/\/musicaadhominem.com\/#website\",\"url\":\"https:\/\/musicaadhominem.com\/\",\"name\":\"Musica Ad Hominem\",\"description\":\"Musica Ad Hominem\",\"potentialAction\":[{\"@type\":\"SearchAction\",\"target\":{\"@type\":\"EntryPoint\",\"urlTemplate\":\"https:\/\/musicaadhominem.com\/?s={search_term_string}\"},\"query-input\":{\"@type\":\"PropertyValueSpecification\",\"valueRequired\":true,\"valueName\":\"search_term_string\"}}],\"inLanguage\":\"fr-FR\"}]}<\/script>\n<!-- \/ Yoast SEO plugin. -->","yoast_head_json":{"title":"Home - Musica Ad Hominem","robots":{"index":"index","follow":"follow","max-snippet":"max-snippet:-1","max-image-preview":"max-image-preview:large","max-video-preview":"max-video-preview:-1"},"canonical":"https:\/\/musicaadhominem.com\/fr\/","og_locale":"fr_FR","og_type":"article","og_title":"Home - Musica Ad Hominem","og_description":"Welcome to Musica Ad Hominem! We aim to bring classical music closer to the general public&nbsp;by presenting it in a simple, easygoing way to hopefully close the gap that usually exists between \u00ab&nbsp;performers&nbsp;\u00bb and \u00ab&nbsp;public&nbsp;\u00bb.&nbsp; Our innovative concerts, lectures, Master Classes for talented musicians as well as our activities are specially designed in order to &hellip; Home Lire la suite\u00a0\u00bb","og_url":"https:\/\/musicaadhominem.com\/fr\/","og_site_name":"Musica Ad Hominem","article_modified_time":"2025-08-23T11:37:09+00:00","og_image":[{"width":2560,"height":1920,"url":"https:\/\/musicaadhominem.com\/wp-content\/uploads\/2025\/05\/IMG_1592-3-scaled.jpeg","type":"image\/jpeg"}],"twitter_card":"summary_large_image","twitter_misc":{"Dur\u00e9e de lecture estim\u00e9e":"1 minute"},"schema":{"@context":"https:\/\/schema.org","@graph":[{"@type":"WebPage","@id":"https:\/\/musicaadhominem.com\/","url":"https:\/\/musicaadhominem.com\/","name":"Home - Musica Ad Hominem","isPartOf":{"@id":"https:\/\/musicaadhominem.com\/#website"},"primaryImageOfPage":{"@id":"https:\/\/musicaadhominem.com\/#primaryimage"},"image":{"@id":"https:\/\/musicaadhominem.com\/#primaryimage"},"thumbnailUrl":"https:\/\/musicaadhominem.com\/wp-content\/uploads\/2025\/05\/IMG_1592-3-scaled.jpeg","datePublished":"2020-09-09T11:49:05+00:00","dateModified":"2025-08-23T11:37:09+00:00","breadcrumb":{"@id":"https:\/\/musicaadhominem.com\/#breadcrumb"},"inLanguage":"fr-FR","potentialAction":[{"@type":"ReadAction","target":["https:\/\/musicaadhominem.com\/"]}]},{"@type":"ImageObject","inLanguage":"fr-FR","@id":"https:\/\/musicaadhominem.com\/#primaryimage","url":"https:\/\/musicaadhominem.com\/wp-content\/uploads\/2025\/05\/IMG_1592-3-scaled.jpeg","contentUrl":"https:\/\/musicaadhominem.com\/wp-content\/uploads\/2025\/05\/IMG_1592-3-scaled.jpeg","width":2560,"height":1920},{"@type":"BreadcrumbList","@id":"https:\/\/musicaadhominem.com\/#breadcrumb","itemListElement":[{"@type":"ListItem","position":1,"name":"Home","item":"https:\/\/musicaadhominem.com\/"},{"@type":"ListItem","position":2,"name":"Home"}]},{"@type":"WebSite","@id":"https:\/\/musicaadhominem.com\/#website","url":"https:\/\/musicaadhominem.com\/","name":"Musica Ad Hominem","description":"Musica Ad Hominem","potentialAction":[{"@type":"SearchAction","target":{"@type":"EntryPoint","urlTemplate":"https:\/\/musicaadhominem.com\/?s={search_term_string}"},"query-input":{"@type":"PropertyValueSpecification","valueRequired":true,"valueName":"search_term_string"}}],"inLanguage":"fr-FR"}]}},"_links":{"self":[{"href":"https:\/\/musicaadhominem.com\/fr\/wp-json\/wp\/v2\/pages\/35"}],"collection":[{"href":"https:\/\/musicaadhominem.com\/fr\/wp-json\/wp\/v2\/pages"}],"about":[{"href":"https:\/\/musicaadhominem.com\/fr\/wp-json\/wp\/v2\/types\/page"}],"author":[{"embeddable":true,"href":"https:\/\/musicaadhominem.com\/fr\/wp-json\/wp\/v2\/users\/1"}],"replies":[{"embeddable":true,"href":"https:\/\/musicaadhominem.com\/fr\/wp-json\/wp\/v2\/comments?post=35"}],"version-history":[{"count":15,"href":"https:\/\/musicaadhominem.com\/fr\/wp-json\/wp\/v2\/pages\/35\/revisions"}],"predecessor-version":[{"id":1679,"href":"https:\/\/musicaadhominem.com\/fr\/wp-json\/wp\/v2\/pages\/35\/revisions\/1679"}],"wp:featuredmedia":[{"embeddable":true,"href":"https:\/\/musicaadhominem.com\/fr\/wp-json\/wp\/v2\/media\/1614"}],"wp:attachment":[{"href":"https:\/\/musicaadhominem.com\/fr\/wp-json\/wp\/v2\/media?parent=35"}],"curies":[{"name":"wp","href":"https:\/\/api.w.org\/{rel}","templated":true}]}}