{"id":713,"date":"2021-07-18T17:48:57","date_gmt":"2021-07-18T16:48:57","guid":{"rendered":"https:\/\/musicaadhominem.com\/product\/album\/"},"modified":"2025-09-18T12:04:13","modified_gmt":"2025-09-18T11:04:13","slug":"piano-master-class","status":"publish","type":"product","link":"https:\/\/musicaadhominem.com\/fr\/produit\/piano-master-class\/","title":{"rendered":"Music On The String \u00e0 Cannes"},"content":{"rendered":"<p><strong>O\u00f9<\/strong><\/p>\n<p>Conservatoire de Cannes<\/p>\n<p><img decoding=\"async\" class=\"alignnone size-thumbnail wp-image-566\" src=\"http:\/\/musicaadhominem.com\/wp-content\/uploads\/2021\/07\/89BE54AB-048C-4FE7-A0AB-3B271C57254D-150x150.jpeg\" alt=\"\" width=\"150\" height=\"150\" srcset=\"https:\/\/musicaadhominem.com\/wp-content\/uploads\/2021\/07\/89BE54AB-048C-4FE7-A0AB-3B271C57254D-150x150.jpeg 150w, https:\/\/musicaadhominem.com\/wp-content\/uploads\/2021\/07\/89BE54AB-048C-4FE7-A0AB-3B271C57254D-300x300.jpeg 300w, https:\/\/musicaadhominem.com\/wp-content\/uploads\/2021\/07\/89BE54AB-048C-4FE7-A0AB-3B271C57254D-100x100.jpeg 100w\" sizes=\"(max-width: 150px) 100vw, 150px\" \/><\/p>\n<p><strong>Quand<\/strong><\/p>\n<p>August 25th to 31st, 2025<\/p>\n<p><strong>Quoi<\/strong><\/p>\n<ul>\n<li>\u00a0<strong>4 Le\u00e7ons individuelles<\/strong> (upon request and agreement with Prof. Bogino, it will be possible to enrol for only 2 or 3 lessons.)<\/li>\n<li>\u00a0<strong>Acc\u00e8s aux salles de pratique musicale<\/strong><\/li>\n<li>\u00a0<strong>\u00ab Young Virtuosos \u00bb<\/strong> Opportunit\u00e9s de concerts pour les \u00e9l\u00e8ves<\/li>\n<li><strong>\u00a0\u00ab\u00a0Maestros Gala \u00bb<\/strong> \u00a0Concert des professeurs<\/li>\n<\/ul>\n<p><strong>H\u00e9bergement et voyage<\/strong><\/p>\n<p>Not included, applicants are responsible for their own meals, travel and accommodation arrangements. Please take the outmost care in regards of health related requirements, insurances and cancellation policies.<\/p>\n<p>Sur demande, nous serons heureux de vous envoyer des suggestions de logements \u00e9tudiants \u00e0 Cannes.<\/p>\n<p><strong>Cas d'annulation<\/strong><\/p>\n<p>Dans le cas improbable de l'annulation de l'\u00e9v\u00e8nement, les frais des cours et d'inscription seront int\u00e9gralement rembours\u00e9s.<\/p>\n<p><strong>Prix <\/strong><\/p>","protected":false},"excerpt":{"rendered":"<p>Master Classe de Piano<br \/>\nProf. Konstantin Bogino<\/p>","protected":false},"featured_media":717,"template":"","meta":{"_acf_changed":false},"product_cat":[32],"product_tag":[],"class_list":{"0":"post-713","1":"product","2":"type-product","3":"status-publish","4":"has-post-thumbnail","6":"product_cat-course-fee-registration-fee","8":"first","9":"outofstock","10":"virtual","11":"sold-individually","12":"purchasable","13":"product-type-simple"},"acf":[],"yoast_head":"<!-- This site is optimized with the Yoast SEO plugin v23.7 - https:\/\/yoast.com\/wordpress\/plugins\/seo\/ -->\n<title>Music On The String in Cannes - Musica Ad Hominem<\/title>\n<meta name=\"robots\" content=\"index, follow, max-snippet:-1, max-image-preview:large, max-video-preview:-1\" \/>\n<link rel=\"canonical\" href=\"https:\/\/musicaadhominem.com\/fr\/produit\/piano-master-class\/\" \/>\n<meta property=\"og:locale\" content=\"fr_FR\" \/>\n<meta property=\"og:type\" content=\"article\" \/>\n<meta property=\"og:title\" content=\"Music On The String in Cannes - Musica Ad Hominem\" \/>\n<meta property=\"og:description\" content=\"Piano Master Class Prof. Konstantin Bogino\" \/>\n<meta property=\"og:url\" content=\"https:\/\/musicaadhominem.com\/fr\/produit\/piano-master-class\/\" \/>\n<meta property=\"og:site_name\" content=\"Musica Ad Hominem\" \/>\n<meta property=\"article:modified_time\" content=\"2025-09-18T11:04:13+00:00\" \/>\n<meta property=\"og:image\" content=\"https:\/\/musicaadhominem.com\/wp-content\/uploads\/2021\/07\/piano-grand-piano-musical-instrument-349928.jpg\" \/>\n\t<meta property=\"og:image:width\" content=\"1280\" \/>\n\t<meta property=\"og:image:height\" content=\"853\" \/>\n\t<meta property=\"og:image:type\" content=\"image\/jpeg\" \/>\n<meta name=\"twitter:card\" content=\"summary_large_image\" \/>\n<meta name=\"twitter:label1\" content=\"Dur\u00e9e de lecture estim\u00e9e\" \/>\n\t<meta name=\"twitter:data1\" content=\"1 minute\" \/>\n<script type=\"application\/ld+json\" class=\"yoast-schema-graph\">{\"@context\":\"https:\/\/schema.org\",\"@graph\":[{\"@type\":\"WebPage\",\"@id\":\"https:\/\/musicaadhominem.com\/product\/piano-master-class\/\",\"url\":\"https:\/\/musicaadhominem.com\/product\/piano-master-class\/\",\"name\":\"Music On The String in Cannes - Musica Ad Hominem\",\"isPartOf\":{\"@id\":\"https:\/\/musicaadhominem.com\/#website\"},\"primaryImageOfPage\":{\"@id\":\"https:\/\/musicaadhominem.com\/product\/piano-master-class\/#primaryimage\"},\"image\":{\"@id\":\"https:\/\/musicaadhominem.com\/product\/piano-master-class\/#primaryimage\"},\"thumbnailUrl\":\"https:\/\/musicaadhominem.com\/wp-content\/uploads\/2021\/07\/piano-grand-piano-musical-instrument-349928.jpg\",\"datePublished\":\"2021-07-18T16:48:57+00:00\",\"dateModified\":\"2025-09-18T11:04:13+00:00\",\"breadcrumb\":{\"@id\":\"https:\/\/musicaadhominem.com\/product\/piano-master-class\/#breadcrumb\"},\"inLanguage\":\"fr-FR\",\"potentialAction\":[{\"@type\":\"ReadAction\",\"target\":[\"https:\/\/musicaadhominem.com\/product\/piano-master-class\/\"]}]},{\"@type\":\"ImageObject\",\"inLanguage\":\"fr-FR\",\"@id\":\"https:\/\/musicaadhominem.com\/product\/piano-master-class\/#primaryimage\",\"url\":\"https:\/\/musicaadhominem.com\/wp-content\/uploads\/2021\/07\/piano-grand-piano-musical-instrument-349928.jpg\",\"contentUrl\":\"https:\/\/musicaadhominem.com\/wp-content\/uploads\/2021\/07\/piano-grand-piano-musical-instrument-349928.jpg\",\"width\":1280,\"height\":853,\"caption\":\"piano, grand piano, musical instrument\"},{\"@type\":\"BreadcrumbList\",\"@id\":\"https:\/\/musicaadhominem.com\/product\/piano-master-class\/#breadcrumb\",\"itemListElement\":[{\"@type\":\"ListItem\",\"position\":1,\"name\":\"Home\",\"item\":\"https:\/\/musicaadhominem.com\/\"},{\"@type\":\"ListItem\",\"position\":2,\"name\":\"Registration\",\"item\":\"https:\/\/musicaadhominem.com\/registration\/\"},{\"@type\":\"ListItem\",\"position\":3,\"name\":\"Music On The String in Cannes\"}]},{\"@type\":\"WebSite\",\"@id\":\"https:\/\/musicaadhominem.com\/#website\",\"url\":\"https:\/\/musicaadhominem.com\/\",\"name\":\"Musica Ad Hominem\",\"description\":\"Musica Ad Hominem\",\"potentialAction\":[{\"@type\":\"SearchAction\",\"target\":{\"@type\":\"EntryPoint\",\"urlTemplate\":\"https:\/\/musicaadhominem.com\/?s={search_term_string}\"},\"query-input\":{\"@type\":\"PropertyValueSpecification\",\"valueRequired\":true,\"valueName\":\"search_term_string\"}}],\"inLanguage\":\"fr-FR\"}]}<\/script>\n<!-- \/ Yoast SEO plugin. -->","yoast_head_json":{"title":"Music On The String in Cannes - Musica Ad Hominem","robots":{"index":"index","follow":"follow","max-snippet":"max-snippet:-1","max-image-preview":"max-image-preview:large","max-video-preview":"max-video-preview:-1"},"canonical":"https:\/\/musicaadhominem.com\/fr\/produit\/piano-master-class\/","og_locale":"fr_FR","og_type":"article","og_title":"Music On The String in Cannes - Musica Ad Hominem","og_description":"Piano Master Class Prof. Konstantin Bogino","og_url":"https:\/\/musicaadhominem.com\/fr\/produit\/piano-master-class\/","og_site_name":"Musica Ad Hominem","article_modified_time":"2025-09-18T11:04:13+00:00","og_image":[{"width":1280,"height":853,"url":"https:\/\/musicaadhominem.com\/wp-content\/uploads\/2021\/07\/piano-grand-piano-musical-instrument-349928.jpg","type":"image\/jpeg"}],"twitter_card":"summary_large_image","twitter_misc":{"Dur\u00e9e de lecture estim\u00e9e":"1 minute"},"schema":{"@context":"https:\/\/schema.org","@graph":[{"@type":"WebPage","@id":"https:\/\/musicaadhominem.com\/product\/piano-master-class\/","url":"https:\/\/musicaadhominem.com\/product\/piano-master-class\/","name":"Music On The String in Cannes - Musica Ad Hominem","isPartOf":{"@id":"https:\/\/musicaadhominem.com\/#website"},"primaryImageOfPage":{"@id":"https:\/\/musicaadhominem.com\/product\/piano-master-class\/#primaryimage"},"image":{"@id":"https:\/\/musicaadhominem.com\/product\/piano-master-class\/#primaryimage"},"thumbnailUrl":"https:\/\/musicaadhominem.com\/wp-content\/uploads\/2021\/07\/piano-grand-piano-musical-instrument-349928.jpg","datePublished":"2021-07-18T16:48:57+00:00","dateModified":"2025-09-18T11:04:13+00:00","breadcrumb":{"@id":"https:\/\/musicaadhominem.com\/product\/piano-master-class\/#breadcrumb"},"inLanguage":"fr-FR","potentialAction":[{"@type":"ReadAction","target":["https:\/\/musicaadhominem.com\/product\/piano-master-class\/"]}]},{"@type":"ImageObject","inLanguage":"fr-FR","@id":"https:\/\/musicaadhominem.com\/product\/piano-master-class\/#primaryimage","url":"https:\/\/musicaadhominem.com\/wp-content\/uploads\/2021\/07\/piano-grand-piano-musical-instrument-349928.jpg","contentUrl":"https:\/\/musicaadhominem.com\/wp-content\/uploads\/2021\/07\/piano-grand-piano-musical-instrument-349928.jpg","width":1280,"height":853,"caption":"piano, grand piano, musical instrument"},{"@type":"BreadcrumbList","@id":"https:\/\/musicaadhominem.com\/product\/piano-master-class\/#breadcrumb","itemListElement":[{"@type":"ListItem","position":1,"name":"Home","item":"https:\/\/musicaadhominem.com\/"},{"@type":"ListItem","position":2,"name":"Registration","item":"https:\/\/musicaadhominem.com\/registration\/"},{"@type":"ListItem","position":3,"name":"Music On The String in Cannes"}]},{"@type":"WebSite","@id":"https:\/\/musicaadhominem.com\/#website","url":"https:\/\/musicaadhominem.com\/","name":"Musica Ad Hominem","description":"Musica Ad Hominem","potentialAction":[{"@type":"SearchAction","target":{"@type":"EntryPoint","urlTemplate":"https:\/\/musicaadhominem.com\/?s={search_term_string}"},"query-input":{"@type":"PropertyValueSpecification","valueRequired":true,"valueName":"search_term_string"}}],"inLanguage":"fr-FR"}]}},"_links":{"self":[{"href":"https:\/\/musicaadhominem.com\/fr\/wp-json\/wp\/v2\/product\/713"}],"collection":[{"href":"https:\/\/musicaadhominem.com\/fr\/wp-json\/wp\/v2\/product"}],"about":[{"href":"https:\/\/musicaadhominem.com\/fr\/wp-json\/wp\/v2\/types\/product"}],"wp:featuredmedia":[{"embeddable":true,"href":"https:\/\/musicaadhominem.com\/fr\/wp-json\/wp\/v2\/media\/717"}],"wp:attachment":[{"href":"https:\/\/musicaadhominem.com\/fr\/wp-json\/wp\/v2\/media?parent=713"}],"wp:term":[{"taxonomy":"product_cat","embeddable":true,"href":"https:\/\/musicaadhominem.com\/fr\/wp-json\/wp\/v2\/product_cat?post=713"},{"taxonomy":"product_tag","embeddable":true,"href":"https:\/\/musicaadhominem.com\/fr\/wp-json\/wp\/v2\/product_tag?post=713"}],"curies":[{"name":"wp","href":"https:\/\/api.w.org\/{rel}","templated":true}]}}